{"id":81,"date":"2023-05-03T16:58:05","date_gmt":"2023-05-03T16:58:05","guid":{"rendered":"https:\/\/dom-planincev.si\/wp\/?page_id=81"},"modified":"2024-02-20T14:25:16","modified_gmt":"2024-02-20T14:25:16","slug":"predstavitev","status":"publish","type":"page","link":"https:\/\/dom-planincev.si\/wp\/","title":{"rendered":"Predstavitev"},"content":{"rendered":"<p>&nbsp;<\/p>\n<table width=\"100%\" cellspacing=\"0\" cellpadding=\"0\">\n<tbody>\n<tr>\n<td class=\"content3\" colspan=\"2\">\n<div>\n<p><strong><img loading=\"lazy\" decoding=\"async\" class=\"alignright size-medium wp-image-236\" src=\"http:\/\/dom-planincev.si\/wp\/wp-content\/uploads\/2023\/10\/IMG_20230905_173129-1-300x213.jpg\" alt=\"\" width=\"300\" height=\"213\" srcset=\"https:\/\/dom-planincev.si\/wp\/wp-content\/uploads\/2023\/10\/IMG_20230905_173129-1-300x213.jpg 300w, https:\/\/dom-planincev.si\/wp\/wp-content\/uploads\/2023\/10\/IMG_20230905_173129-1-1024x728.jpg 1024w, https:\/\/dom-planincev.si\/wp\/wp-content\/uploads\/2023\/10\/IMG_20230905_173129-1-768x546.jpg 768w, https:\/\/dom-planincev.si\/wp\/wp-content\/uploads\/2023\/10\/IMG_20230905_173129-1-1536x1092.jpg 1536w, https:\/\/dom-planincev.si\/wp\/wp-content\/uploads\/2023\/10\/IMG_20230905_173129-1-2048x1456.jpg 2048w\" sizes=\"auto, (max-width: 300px) 100vw, 300px\" \/>Opis:<\/strong><\/p>\n<p>Dom je odprt skozi celo leto. Vi\u0161ek sezone pa je poleti. V dveh gostinskih prostorih je cca 70 sede\u017eev, to\u010dilni pult, pikado, nogomet&#8230; v sobah pa je <strong>14 postelj<\/strong> in <strong>16 skupnih le\u017ei\u0161\u010d<\/strong>. V skrajni sili je mo\u017eno dodati \u0161tiri do \u0161est le\u017ei\u0161\u010d na galeriji. Objekt ima tudi \u0160tiri skupne WC-je in dve umivalnice s tu\u0161em in toplo vodo. Objekt ima tudi centralno ogrevanje ter internet.<\/p>\n<p>V jedilnici je za zabavo prostora za do 100 ljudi, oziroma 45 udobnih sedi\u0161\u010d za pogostitev, na terasi pa je preko 100 sedi\u0161\u010d<span style=\"font-family: inherit; font-size: inherit;\">.<\/span><\/p>\n<\/div>\n<div><strong>Razgled<\/strong>:<br \/>\n<img loading=\"lazy\" decoding=\"async\" class=\"alignright size-medium wp-image-152\" src=\"http:\/\/dom-planincev.si\/wp\/wp-content\/uploads\/2023\/10\/IMG_0917-300x225.jpg\" alt=\"\" width=\"300\" height=\"225\" srcset=\"https:\/\/dom-planincev.si\/wp\/wp-content\/uploads\/2023\/10\/IMG_0917-300x225.jpg 300w, https:\/\/dom-planincev.si\/wp\/wp-content\/uploads\/2023\/10\/IMG_0917-1024x768.jpg 1024w, https:\/\/dom-planincev.si\/wp\/wp-content\/uploads\/2023\/10\/IMG_0917-768x576.jpg 768w, https:\/\/dom-planincev.si\/wp\/wp-content\/uploads\/2023\/10\/IMG_0917-1536x1152.jpg 1536w, https:\/\/dom-planincev.si\/wp\/wp-content\/uploads\/2023\/10\/IMG_0917-2048x1536.jpg 2048w\" sizes=\"auto, (max-width: 300px) 100vw, 300px\" \/>Od doma vidimo le gore, ki obkro\u017eajo Logarsko dolino: na vzhodni strani se dviga skupina Krofi\u010dke; na jugu vidimo Ojstrico, Planjavo, Kamni\u0161ko sedlo in Brano;<\/div>\n<p><span style=\"font-family: inherit; font-size: inherit;\">zahodno in s<\/span><span style=\"font-family: inherit; font-size: inherit;\">everno se dviga dolg gorski greben med Logarsko dolino in Matkovim kotom, na severu pa se ka\u017ee Ol\u0161eva.<\/span><\/p>\n<div><strong>Zgodovina:<\/strong><br \/>\nDom stoji v zgornjem delu Logarske doline, imenovanem Kot, v bli\u017eini mostu \u010dez hudournik Kotovec.<\/div>\n<p><img loading=\"lazy\" decoding=\"async\" class=\"alignright size-medium wp-image-251\" src=\"http:\/\/dom-planincev.si\/wp\/wp-content\/uploads\/2023\/10\/IMG20230919163229-300x225.jpg\" alt=\"\" width=\"300\" height=\"225\" srcset=\"https:\/\/dom-planincev.si\/wp\/wp-content\/uploads\/2023\/10\/IMG20230919163229-300x225.jpg 300w, https:\/\/dom-planincev.si\/wp\/wp-content\/uploads\/2023\/10\/IMG20230919163229-1024x768.jpg 1024w, https:\/\/dom-planincev.si\/wp\/wp-content\/uploads\/2023\/10\/IMG20230919163229-768x576.jpg 768w, https:\/\/dom-planincev.si\/wp\/wp-content\/uploads\/2023\/10\/IMG20230919163229-1536x1152.jpg 1536w, https:\/\/dom-planincev.si\/wp\/wp-content\/uploads\/2023\/10\/IMG20230919163229-2048x1536.jpg 2048w\" sizes=\"auto, (max-width: 300px) 100vw, 300px\" \/><\/p>\n<div>Zgradilo ga je PD Celje namesto Planinskega doma, ki ga je leta 1976 prodalo prometno-gostinsko-turisti\u010dnemu podjetju Izletnik Celje. <span style=\"font-family: inherit; font-size: inherit;\">Novi dom je odprlo 29. avgusta 1981. Zgodovina planinskih postojank v Logarski dolini je zelo dolga. <\/span><span style=\"font-family: inherit; font-size: inherit;\">Prva postojanka je bilo Piskernikovo zaveti\u0161\u010de, ki ga je leta 1890 zgradil pod slapom Palenk kmet Janez Piskernik, p.d. Plesnik (1839-1915); leta 1919 ga je prevzela Savinjska podru\u017enica SPD, ki je ob njem zgradila in 28. junija 1925 slovesno odprla Tillerjevo ko\u010do, poimenovano po Francu Tillerju (1878-1952), na\u010delniku Savinjske podru\u017enice SPD od 1927 do 1933 in nesebi\u010dnemu planinskemu organizatorju. Leta 1931 je podru\u017enica poleg obeh postojank zgradila \u0161e planinski hotel Aleksandrov dom. Vse postojanke in druge hi\u0161e v dolini je 24. oktobra 1944 po\u017egal nem\u0161ki okupator.<\/span><\/div>\n<p><img loading=\"lazy\" decoding=\"async\" class=\"size-medium wp-image-355 alignleft\" src=\"http:\/\/dom-planincev.si\/wp\/wp-content\/uploads\/2023\/10\/Screenshot-2023-10-15-at-22.51.30-300x240.png\" alt=\"\" width=\"300\" height=\"240\" srcset=\"https:\/\/dom-planincev.si\/wp\/wp-content\/uploads\/2023\/10\/Screenshot-2023-10-15-at-22.51.30-300x240.png 300w, https:\/\/dom-planincev.si\/wp\/wp-content\/uploads\/2023\/10\/Screenshot-2023-10-15-at-22.51.30-1024x819.png 1024w, https:\/\/dom-planincev.si\/wp\/wp-content\/uploads\/2023\/10\/Screenshot-2023-10-15-at-22.51.30-768x614.png 768w, https:\/\/dom-planincev.si\/wp\/wp-content\/uploads\/2023\/10\/Screenshot-2023-10-15-at-22.51.30.png 1396w\" sizes=\"auto, (max-width: 300px) 100vw, 300px\" \/><\/p>\n<div><span style=\"font-family: inherit; font-size: inherit;\">Po osvoboditvi je ostanke vseh treh postojank prevzelo PD Celje; leta 1952 je obnovilo nekdanji Aleksandrov dom in ga ob otvoritvi, 1. maja 1953, preimenovalo v Herletov dom po Francu Herletu (1917-1945), znanem alpinistu in borcu NOV iz Sol\u010dave, ob obnovi leta 1965 pa v Planinski dom.<\/span><\/div>\n<\/td>\n<\/tr>\n<tr>\n<td class=\"content3\" colspan=\"2\">\n<h5>Planinska literatura<\/h5>\n<ul>\n<li><a href=\"https:\/\/www.pzs.si\/izdelek.php?pid=141\" target=\"_blank\" rel=\"noopener\">Grintovci &#8211; 1 : 25 000<\/a><\/li>\n<li><a href=\"https:\/\/www.pzs.si\/izdelek.php?pid=146\" target=\"_blank\" rel=\"noopener\">Kamni\u0161ko &#8211; Savinjske Alpe 1 : 50.000<\/a><\/li>\n<li><a href=\"https:\/\/www.pzs.si\/izdelek.php?pid=544\" target=\"_blank\" rel=\"noopener\">Dnevnik Slovenske turnokolesarske poti<\/a><\/li>\n<\/ul>\n<\/td>\n<\/tr>\n<tr>\n<td class=\"content3\" colspan=\"2\"><a id=\"prehodi\" name=\"prehodi\"><\/a><\/p>\n<h5>Prehodi do drugih planinskih ko\u010d, zaveti\u0161\u010d in bivakov<\/h5>\n<p><img loading=\"lazy\" decoding=\"async\" src=\"https:\/\/www.pzs.si\/ikone\/postojanka.png\" width=\"16\" height=\"16\" align=\"absmiddle\" border=\"0\" \/>\u00a0<a style=\"color: #1b9dd8; font-size: 12px; font-family: Arial, Helvetica, helv, sans-serif; text-decoration: none;\" href=\"https:\/\/www.pzs.si\/koce.php?pid=93\">Ko\u010da na Klemen\u010di jami pod Ojstrico (1208 m)<\/a>, 1.00 h<br \/>\n<img loading=\"lazy\" decoding=\"async\" src=\"https:\/\/www.pzs.si\/ikone\/postojanka.png\" width=\"16\" height=\"16\" align=\"absmiddle\" border=\"0\" \/>\u00a0<a style=\"color: #1b9dd8; font-size: 12px; font-family: Arial, Helvetica, helv, sans-serif; text-decoration: none;\" href=\"https:\/\/www.pzs.si\/koce.php?pid=91\">Frischaufov dom na Okre\u0161lju (1396 m)<\/a>, 2.00 h<\/td>\n<\/tr>\n<\/tbody>\n<\/table>\n","protected":false},"excerpt":{"rendered":"<p>&nbsp; Opis: Dom je odprt skozi celo leto. Vi\u0161ek sezone pa je poleti. V dveh gostinskih prostorih je cca 70 sede\u017eev, to\u010dilni pult, pikado, nogomet&#8230; v sobah pa je 14 postelj in 16 skupnih le\u017ei\u0161\u010d. V skrajni sili je mo\u017eno dodati \u0161tiri do \u0161est le\u017ei\u0161\u010d na galeriji. Objekt ima tudi \u0160tiri skupne WC-je in dve umivalnice s tu\u0161em in toplo vodo. Objekt ima tudi centralno ogrevanje ter internet. V jedilnici je za zabavo prostora za do 100 ljudi, oziroma 45 udobnih sedi\u0161\u010d za pogostitev, na terasi pa je preko 100 sedi\u0161\u010d. Razgled: Od doma vidimo le gore, ki obkro\u017eajo Logarsko dolino: na vzhodni strani se dviga skupina Krofi\u010dke; na jugu&hellip; <a class=\"read-more\" href=\"https:\/\/dom-planincev.si\/wp\/\">Read More<\/a><\/p>\n","protected":false},"author":1,"featured_media":0,"parent":0,"menu_order":0,"comment_status":"closed","ping_status":"open","template":"","meta":{"footnotes":""},"class_list":["post-81","page","type-page","status-publish","hentry"],"_links":{"self":[{"href":"https:\/\/dom-planincev.si\/wp\/wp-json\/wp\/v2\/pages\/81","targetHints":{"allow":["GET"]}}],"collection":[{"href":"https:\/\/dom-planincev.si\/wp\/wp-json\/wp\/v2\/pages"}],"about":[{"href":"https:\/\/dom-planincev.si\/wp\/wp-json\/wp\/v2\/types\/page"}],"author":[{"embeddable":true,"href":"https:\/\/dom-planincev.si\/wp\/wp-json\/wp\/v2\/users\/1"}],"replies":[{"embeddable":true,"href":"https:\/\/dom-planincev.si\/wp\/wp-json\/wp\/v2\/comments?post=81"}],"version-history":[{"count":42,"href":"https:\/\/dom-planincev.si\/wp\/wp-json\/wp\/v2\/pages\/81\/revisions"}],"predecessor-version":[{"id":382,"href":"https:\/\/dom-planincev.si\/wp\/wp-json\/wp\/v2\/pages\/81\/revisions\/382"}],"wp:attachment":[{"href":"https:\/\/dom-planincev.si\/wp\/wp-json\/wp\/v2\/media?parent=81"}],"curies":[{"name":"wp","href":"https:\/\/api.w.org\/{rel}","templated":true}]}}